
{"id":160,"date":"2020-06-22T10:17:42","date_gmt":"2020-06-22T10:17:42","guid":{"rendered":"http:\/\/kig20181.kig-giessen.de\/?page_id=160"},"modified":"2025-07-02T21:08:23","modified_gmt":"2025-07-02T21:08:23","slug":"test","status":"publish","type":"page","link":"https:\/\/kig2018.kig-giessen.de\/","title":{"rendered":"Startseite News"},"content":{"rendered":"<ul class=\"wp-block-latest-posts__list wp-block-latest-posts\"><li><a class=\"wp-block-latest-posts__post-title\" href=\"https:\/\/kig2018.kig-giessen.de\/?p=148\">KiG -Kulturinitiative Gie\u00dfen e.V.<\/a><div class=\"wp-block-latest-posts__post-full-content\"><!-- wp:paragraph -->\n<p>Wir bieten K\u00fcnstlernetzwerk, Prober\u00e4ume, Kunst- und Kultur- Szene <\/p>\n<!-- \/wp:paragraph -->\n\n<!-- wp:image {\"id\":282,\"sizeSlug\":\"full\",\"linkDestination\":\"none\"} -->\n<figure class=\"wp-block-image size-full\"><img loading=\"lazy\" decoding=\"async\" width=\"1000\" height=\"207\" src=\"https:\/\/kig2018.kig-giessen.de\/wp-content\/uploads\/2020\/01\/cropped-KiG_pink.jpg\" alt=\"\" class=\"wp-image-282\" srcset=\"https:\/\/kig2018.kig-giessen.de\/wp-content\/uploads\/2020\/01\/cropped-KiG_pink.jpg 1000w, https:\/\/kig2018.kig-giessen.de\/wp-content\/uploads\/2020\/01\/cropped-KiG_pink-300x62.jpg 300w, https:\/\/kig2018.kig-giessen.de\/wp-content\/uploads\/2020\/01\/cropped-KiG_pink-768x159.jpg 768w\" sizes=\"auto, (max-width: 1000px) 100vw, 1000px\" \/><\/figure>\n<!-- \/wp:image -->\n\n<!-- wp:paragraph {\"fontSize\":\"medium\"} -->\n<p class=\"has-medium-font-size\">Aktuelle Mitgliederzahl: ca. <strong>702<\/strong> (Stand Februar 2026)<\/p>\n<!-- \/wp:paragraph -->\n\n<!-- wp:paragraph -->\n<p><\/p>\n<!-- \/wp:paragraph --><\/div><\/li>\n<li><a class=\"wp-block-latest-posts__post-title\" href=\"https:\/\/kig2018.kig-giessen.de\/?p=652\">Zukunft der KiG<\/a><div class=\"wp-block-latest-posts__post-full-content\"><!-- wp:separator -->\n<hr class=\"wp-block-separator has-alpha-channel-opacity\" \/>\n<!-- \/wp:separator -->\n\n<!-- wp:paragraph {\"align\":\"left\",\"fontSize\":\"medium\"} -->\n<p class=\"has-text-align-left has-medium-font-size\">Vor mehr als zwei Jahren erreichte uns die Nachricht, dass die beiden Geb\u00e4ude der KiG zum 31.12.2024 nicht mehr f\u00fcr uns zur Verf\u00fcgung stehen, da sie aufgrund der jahrzehntelangen Nutzung saniert werden m\u00fcssen und danach anderweitig genutzt werden sollen.<\/p>\n<!-- \/wp:paragraph -->\n\n<!-- wp:paragraph {\"align\":\"left\",\"fontSize\":\"medium\"} -->\n<p class=\"has-text-align-left has-medium-font-size\">Eine intensive Suche nach Alternativen ergab keinen Erfolg, so dass unser Vermieter dankenswerterweise wieder einsprang und eine fortgesetzte Vermietung erm\u00f6glichte. Die dringend erforderliche Sanierung der Geb\u00e4ude f\u00fchrt allerdings zu erheblich gestiegenen Mietkosten f\u00fcr den Verein.<\/p>\n<!-- \/wp:paragraph -->\n\n<!-- wp:paragraph {\"fontSize\":\"medium\"} -->\n<p class=\"has-medium-font-size\">Um die unvermeidliche Erh\u00f6hung der Raumnutzungsgeb\u00fchren f\u00fcr unsere Mitglieder ertr\u00e4glich zu halten wurde nun am 12.6.2025 Ein <strong>F\u00f6rdervertrag zwischen dem Verein, der Stadt und dem Landkreis<\/strong> geschlossen, der uns eine langfristige Kulturf\u00f6rderung sichert. Damit ist das Fortbestehen der KiG am selben Ort f\u00fcr mindestens 10 weitere Jahre gesichert.<\/p>\n<!-- \/wp:paragraph -->\n\n<!-- wp:paragraph {\"fontSize\":\"medium\"} -->\n<p class=\"has-medium-font-size\">Die Mitglieder wurden noch am selben Abend bei einer <strong>Informationsveranstaltung<\/strong> umfassend \u00fcber die bevorstehenden \u00c4nderungen und den geplanten Ablauf der Sanierung informiert.<\/p>\n<!-- \/wp:paragraph -->\n\n<!-- wp:paragraph {\"fontSize\":\"medium\"} -->\n<p class=\"has-medium-font-size\">Die Presse berichtete \u00fcber den Vertragsabschluss:<\/p>\n<!-- \/wp:paragraph -->\n\n<!-- wp:image {\"id\":665,\"sizeSlug\":\"full\",\"linkDestination\":\"none\"} -->\n<figure class=\"wp-block-image size-full\"><img loading=\"lazy\" decoding=\"async\" width=\"952\" height=\"954\" src=\"https:\/\/kig2018.kig-giessen.de\/wp-content\/uploads\/2025\/06\/photo_2025-06-13_21-47-53.jpg\" alt=\"\" class=\"wp-image-665\" srcset=\"https:\/\/kig2018.kig-giessen.de\/wp-content\/uploads\/2025\/06\/photo_2025-06-13_21-47-53.jpg 952w, https:\/\/kig2018.kig-giessen.de\/wp-content\/uploads\/2025\/06\/photo_2025-06-13_21-47-53-300x300.jpg 300w, https:\/\/kig2018.kig-giessen.de\/wp-content\/uploads\/2025\/06\/photo_2025-06-13_21-47-53-150x150.jpg 150w, https:\/\/kig2018.kig-giessen.de\/wp-content\/uploads\/2025\/06\/photo_2025-06-13_21-47-53-768x770.jpg 768w\" sizes=\"auto, (max-width: 952px) 100vw, 952px\" \/><\/figure>\n<!-- \/wp:image -->\n\n<!-- wp:image {\"id\":666,\"sizeSlug\":\"large\",\"linkDestination\":\"none\"} -->\n<figure class=\"wp-block-image size-large\"><img loading=\"lazy\" decoding=\"async\" width=\"855\" height=\"1024\" src=\"https:\/\/kig2018.kig-giessen.de\/wp-content\/uploads\/2025\/06\/photo_2025-06-13_21-48-30-855x1024.jpg\" alt=\"\" class=\"wp-image-666\" srcset=\"https:\/\/kig2018.kig-giessen.de\/wp-content\/uploads\/2025\/06\/photo_2025-06-13_21-48-30-855x1024.jpg 855w, https:\/\/kig2018.kig-giessen.de\/wp-content\/uploads\/2025\/06\/photo_2025-06-13_21-48-30-250x300.jpg 250w, https:\/\/kig2018.kig-giessen.de\/wp-content\/uploads\/2025\/06\/photo_2025-06-13_21-48-30-768x920.jpg 768w, https:\/\/kig2018.kig-giessen.de\/wp-content\/uploads\/2025\/06\/photo_2025-06-13_21-48-30.jpg 924w\" sizes=\"auto, (max-width: 855px) 100vw, 855px\" \/><\/figure>\n<!-- \/wp:image -->\n\n<!-- wp:separator -->\n<hr class=\"wp-block-separator has-alpha-channel-opacity\" \/>\n<!-- \/wp:separator --><\/div><\/li>\n<li><a class=\"wp-block-latest-posts__post-title\" href=\"https:\/\/kig2018.kig-giessen.de\/?p=312\">YA HOZNA Festival 2024<\/a><div class=\"wp-block-latest-posts__post-full-content\"><!-- wp:paragraph {\"fontSize\":\"medium\"} -->\n<p class=\"has-medium-font-size\"><strong>YA-HOZNA<\/strong> ist das Sommerfest der Kulturinitiative Gie\u00dfen &#8211; ein Open Air mit zwei Tagen Live-Musik und kostenlosem Eintritt, bei dem haupts\u00e4chlich Bands auftreten, die in den R\u00e4umen der<strong> KiG<\/strong> proben.<\/p>\n<!-- \/wp:paragraph -->\n\n<!-- wp:image {\"id\":608,\"sizeSlug\":\"full\",\"linkDestination\":\"custom\"} -->\n<figure class=\"wp-block-image size-full\"><img loading=\"lazy\" decoding=\"async\" width=\"793\" height=\"205\" src=\"https:\/\/kig2018.kig-giessen.de\/wp-content\/uploads\/2024\/06\/Banner_Nachklapp.png\" alt=\"\" class=\"wp-image-608\" srcset=\"https:\/\/kig2018.kig-giessen.de\/wp-content\/uploads\/2024\/06\/Banner_Nachklapp.png 793w, https:\/\/kig2018.kig-giessen.de\/wp-content\/uploads\/2024\/06\/Banner_Nachklapp-300x78.png 300w, https:\/\/kig2018.kig-giessen.de\/wp-content\/uploads\/2024\/06\/Banner_Nachklapp-768x199.png 768w\" sizes=\"auto, (max-width: 793px) 100vw, 793px\" \/><\/figure>\n<!-- \/wp:image -->\n\n<!-- wp:paragraph {\"fontSize\":\"medium\"} -->\n<p class=\"has-medium-font-size\"><strong>Im Jahr 2024 fand YA HOZNA am Freitag, dem 21.06. und Samstag, dem 22.06. <\/strong>statt.<\/p>\n<!-- \/wp:paragraph -->\n\n<!-- wp:paragraph {\"style\":{\"typography\":{\"fontStyle\":\"normal\",\"fontWeight\":\"700\"}},\"fontSize\":\"medium\"} -->\n<p class=\"has-medium-font-size\" style=\"font-style:normal;font-weight:700\">Details zum Event findet ihr weiterhin auf der <a href=\"https:\/\/kig2018.kig-giessen.de\/?page_id=422\" data-type=\"page\" data-id=\"422\">Festival-Infoseite<\/a>. <\/p>\n<!-- \/wp:paragraph -->\n\n<!-- wp:separator -->\n<hr class=\"wp-block-separator has-alpha-channel-opacity\" \/>\n<!-- \/wp:separator --><\/div><\/li>\n<\/ul>\n\n\n<div class=\"wp-block-columns is-layout-flex wp-container-core-columns-is-layout-9d6595d7 wp-block-columns-is-layout-flex\">\n<div class=\"wp-block-column is-layout-flow wp-block-column-is-layout-flow\">\n<figure class=\"wp-block-image size-full is-resized\"><img loading=\"lazy\" decoding=\"async\" width=\"143\" height=\"56\" src=\"https:\/\/kig2018.kig-giessen.de\/wp-content\/uploads\/2023\/06\/image001-1.png\" alt=\"\" class=\"wp-image-485\" style=\"width:383px;height:auto\"\/><\/figure>\n<\/div>\n\n\n\n<div class=\"wp-block-column is-layout-flow wp-block-column-is-layout-flow\">\n<figure class=\"wp-block-image size-full is-resized\"><img loading=\"lazy\" decoding=\"async\" width=\"208\" height=\"249\" src=\"https:\/\/kig2018.kig-giessen.de\/wp-content\/uploads\/2025\/07\/Landkreis-Giessen-Logo.png\" alt=\"\" class=\"wp-image-674\" style=\"width:195px;height:auto\"\/><\/figure>\n<\/div>\n<\/div>\n\n\n\n<p>Die Kulturinitiative Gie\u00dfen e.V. wird gef\u00f6rdert durch die Stadt Gie\u00dfen und den Landkreis Gie\u00dfen.<\/p>\n\n\n\n<hr class=\"wp-block-separator has-css-opacity\"\/>\n\n\n\n<p><\/p>\n","protected":false},"excerpt":{"rendered":"<p>Die Kulturinitiative Gie\u00dfen e.V. wird gef\u00f6rdert durch die Stadt Gie\u00dfen und den Landkreis Gie\u00dfen.<\/p>\n","protected":false},"author":3,"featured_media":0,"parent":0,"menu_order":0,"comment_status":"closed","ping_status":"closed","template":"onecolumn-page.php","meta":{"footnotes":""},"class_list":["post-160","page","type-page","status-publish","hentry"],"_links":{"self":[{"href":"https:\/\/kig2018.kig-giessen.de\/index.php?rest_route=\/wp\/v2\/pages\/160","targetHints":{"allow":["GET"]}}],"collection":[{"href":"https:\/\/kig2018.kig-giessen.de\/index.php?rest_route=\/wp\/v2\/pages"}],"about":[{"href":"https:\/\/kig2018.kig-giessen.de\/index.php?rest_route=\/wp\/v2\/types\/page"}],"author":[{"embeddable":true,"href":"https:\/\/kig2018.kig-giessen.de\/index.php?rest_route=\/wp\/v2\/users\/3"}],"replies":[{"embeddable":true,"href":"https:\/\/kig2018.kig-giessen.de\/index.php?rest_route=%2Fwp%2Fv2%2Fcomments&post=160"}],"version-history":[{"count":21,"href":"https:\/\/kig2018.kig-giessen.de\/index.php?rest_route=\/wp\/v2\/pages\/160\/revisions"}],"predecessor-version":[{"id":681,"href":"https:\/\/kig2018.kig-giessen.de\/index.php?rest_route=\/wp\/v2\/pages\/160\/revisions\/681"}],"wp:attachment":[{"href":"https:\/\/kig2018.kig-giessen.de\/index.php?rest_route=%2Fwp%2Fv2%2Fmedia&parent=160"}],"curies":[{"name":"wp","href":"https:\/\/api.w.org\/{rel}","templated":true}]}}