
{"id":19,"date":"2018-06-11T10:23:02","date_gmt":"2018-06-11T10:23:02","guid":{"rendered":"http:\/\/KiG2018.kig-giessen.de\/?page_id=19"},"modified":"2026-03-31T14:29:37","modified_gmt":"2026-03-31T14:29:37","slug":"kontakt","status":"publish","type":"page","link":"https:\/\/kig2018.kig-giessen.de\/?page_id=19","title":{"rendered":"Kontakt"},"content":{"rendered":"<div class=\"entry\">\n<h2>Anschrift:<\/h2>\n<p>Kulturinitiative Gie\u00dfen e.V.<br \/>Netanyastr. 2<br \/>35394 Gie\u00dfen<\/p>\n<h2>B\u00fcrozeiten:<\/h2>\n<p>Mittwochs 18.00 Uhr &#8211; 20.00 Uhr\u00a0\u00a0<\/p>\n<p>Donnerstags 19:30Uhr &#8211; 21.00 Uhr<\/p>\n<p>(au\u00dfer an Feiertagen)<\/p>\n<p>Telefon: 0641 490590<\/p>\n<\/div>\n<div class=\"entry\">\n<p>E-Mail: verwaltung@kig-giessen.de<\/p>\n<blockquote>\n<p>Wir versuchen die B\u00fcrozeiten nach Kr\u00e4ften regelm\u00e4\u00dfig zu realisieren, allerdings haben wir Familie, Jobs, Bands, Gigs, werden krank oder haben auch einfach mal keine Zeit. Ruft an oder schreibt eine E-Mail, dann habt ihr Gewissheit dass ihr nicht vor verschlossener T\u00fcr steht.<\/p>\n<p>Euer Vorstand.<\/p>\n<\/blockquote>\n<\/div>\n\n\n<p>KiG auf Facebook: <a href=\"http:\/\/www.facebook.com\/KulturinitiativeGiessen\">facebook.com\/KulturinitiativeGiessen<\/a><\/p>\n\n\n\n<p><\/p>\n","protected":false},"excerpt":{"rendered":"<p>Anschrift: Kulturinitiative Gie\u00dfen e.V.Netanyastr. 235394 Gie\u00dfen B\u00fcrozeiten: Mittwochs 18.00 Uhr &#8211; 20.00 Uhr\u00a0\u00a0 Donnerstags 19:30Uhr &#8211; 21.00 Uhr (au\u00dfer an Feiertagen) Telefon: 0641 490590 E-Mail: verwaltung@kig-giessen.de Wir versuchen die B\u00fcrozeiten nach Kr\u00e4ften regelm\u00e4\u00dfig zu realisieren, allerdings haben wir Familie, Jobs, Bands, Gigs, werden krank oder haben auch einfach mal keine Zeit. Ruft an oder schreibt<br \/><span class=\"excerpt_more\"><a href=\"https:\/\/kig2018.kig-giessen.de\/?page_id=19\">[continue reading&#8230;]<\/a><\/span><\/p>\n","protected":false},"author":3,"featured_media":0,"parent":0,"menu_order":5,"comment_status":"closed","ping_status":"closed","template":"onecolumn-page.php","meta":{"footnotes":""},"class_list":["post-19","page","type-page","status-publish","hentry"],"_links":{"self":[{"href":"https:\/\/kig2018.kig-giessen.de\/index.php?rest_route=\/wp\/v2\/pages\/19","targetHints":{"allow":["GET"]}}],"collection":[{"href":"https:\/\/kig2018.kig-giessen.de\/index.php?rest_route=\/wp\/v2\/pages"}],"about":[{"href":"https:\/\/kig2018.kig-giessen.de\/index.php?rest_route=\/wp\/v2\/types\/page"}],"author":[{"embeddable":true,"href":"https:\/\/kig2018.kig-giessen.de\/index.php?rest_route=\/wp\/v2\/users\/3"}],"replies":[{"embeddable":true,"href":"https:\/\/kig2018.kig-giessen.de\/index.php?rest_route=%2Fwp%2Fv2%2Fcomments&post=19"}],"version-history":[{"count":82,"href":"https:\/\/kig2018.kig-giessen.de\/index.php?rest_route=\/wp\/v2\/pages\/19\/revisions"}],"predecessor-version":[{"id":720,"href":"https:\/\/kig2018.kig-giessen.de\/index.php?rest_route=\/wp\/v2\/pages\/19\/revisions\/720"}],"wp:attachment":[{"href":"https:\/\/kig2018.kig-giessen.de\/index.php?rest_route=%2Fwp%2Fv2%2Fmedia&parent=19"}],"curies":[{"name":"wp","href":"https:\/\/api.w.org\/{rel}","templated":true}]}}