
{"id":2,"date":"2016-05-10T03:48:21","date_gmt":"2016-05-10T03:48:21","guid":{"rendered":"http:\/\/KiG2018.kig-giessen.de\/?page_id=2"},"modified":"2025-07-02T20:57:18","modified_gmt":"2025-07-02T20:57:18","slug":"sample-page","status":"publish","type":"page","link":"https:\/\/kig2018.kig-giessen.de\/?page_id=2","title":{"rendered":"Die KiG"},"content":{"rendered":"<p>Eine Handvoll Musiker und K\u00fcnstler taten sich 1996 zusammen, um den Proberaumnotstand in der Stadt Gie\u00dfen durch die Anmietung eines ehemaligen Kasernengeb\u00e4udes zu beheben. Schnell wurden aus 20 Musikern 50 und bald ben\u00f6tigte man ein weiteres Geb\u00e4ude.<\/p>\n<p>Heute ist die KiG ein selbstverwalteter Verein, der sich \u00fcberwiegend aus Eigenmitteln finanziert. Mehr als 680 Mitglieder, fast ausschlie\u00dflich Musiker sind im Verein organisiert, die weit \u00fcber 100 Bands bilden und an unz\u00e4hligen Projekten beteiligt sind. Hier ist ein Gro\u00dfteil der Musikszene Mittelhessens zu finden. Und die Nachfrage nach Prober\u00e4umen nimmt nicht ab. Etliche Bands bzw. einzelne Musiker haben es auf gro\u00dfe B\u00fchnen geschafft \u2013 u.a. auch durch die M\u00f6glichkeiten, die sich durch einen eigenen Raum ohne gr\u00f6\u00dfere Einschr\u00e4nkungen ergeben und den Austausch, die Kommunikation mit Leuten, die das Gleiche machen und wollen, wie man selbst.<\/p>\n<p>Ziele des Vereins sind in erster Linie die Sicherung der Prober\u00e4ume und die F\u00f6rderung der Mitglieder sowie der regionalen Musikszene.<\/p>\n<p>In 2023 zeichnete sich ab, dass eine Sanierung der beiden vom Verein genutzten Geb\u00e4ude nicht mehr aufschiebbar war. Die intensive Suche nach einem alternativen Standort ergab keinen Erfolg, so dass unser Vermieter dankenswerterweise wieder einsprang und eine fortgesetzte Vermietung erm\u00f6glichte. Die Sanierung f\u00fchrt allerdings zu erheblich gestiegenen Mietkosten f\u00fcr den Verein.<\/p>\n<p>Um die daher unvermeidliche Erh\u00f6hung der Raumnutzungsgeb\u00fchren f\u00fcr unsere Mitglieder ertr\u00e4glich zu halten wurde Mitte 2025 ein langfristiger Kulturf\u00f6rdervertrag zwischen dem Verein, der Stadt und dem Landkreis geschlossen. Damit sollte das Fortbestehen der KiG am selben Ort nun bis mindestens 2035 gesichert sein.<\/p>\n<p>Weitere Informationen in unserem <a href=\"https:\/\/kig2018.kig-giessen.de\/?page_id=215\">Leitbild&#8230;<\/a><\/p>\n<h2>Aktivit\u00e4ten<\/h2>\n<p>YA HOZNA<br \/>Das Sommerfest findet j\u00e4hrlich seit 2002 statt. An zwei Tagen erwartet die Besucher in lockerer Umgebung im Livemusik von KiG-Bands und G\u00e4sten. Nachdem jahrelang im Gr\u00fcnen gefeiert wurde, findet das Fest seit 2011 zwischen den KiG-H\u00e4usern statt.<\/p>\n<p>KiG@Gie\u00dfener Stadtfest<br \/>Nachdem wir auf dem Stadtfest 2005 die Kirchenplatzb\u00fchne organisiert hatten, wurden wir das Stadtfestfieber nicht los. 2010 \u2013 2012 kooperierten wir deshalb mit dem Ulenspiegel und gestalteten an 3 Tagen ein musikalisch au\u00dfergew\u00f6hnliches Programm. 2014 beteiligte die KiG sich im \u201eHintergrund\u201c als Sponsor und Helfer bei der B\u00fchne von Gutburgerlich.<\/p>\n<p>Giessen Nu Music Days<br \/>2003\/2004 bot die KiG Workshops und Konzerte mit auf ihrem Gebiet herausragenden, innovativen Musikern aus der nationalen und internationalen Szene an. Unter dem Motto \u201eGiessen Nu Music Days\u201c entstand dabei eine fruchtbare Zusammenarbeit mit der Modern Music School e.V., dem MuK e.V. und dem Ulenspiegel.<\/p>\n<p>KiG meets MuK<br \/>Alle 3 Monate pr\u00e4sentierten sich Bands der KiG in der Kneipe 1022 des MuK. Dabei spielten weder die musikalische Ausrichtung noch die Live-Erfahrung eine Rolle. Jede Band konnte sich hier pr\u00e4sentieren. Organisiert wurde der Abend von Andreas Jamin in Zusammenarbeit mit den Bands und dem MuK.<\/p>\n<h2>Der Vorstand<\/h2>\n<p>Lukas Richter, Samir Al Heteilah, Andreas Reiser, Frank Altmeier, Eckhard Kegelmann, Thomas Steup, Mani Golpaygani und Lars Grothe<\/p>\n<p><a href=\"https:\/\/kig2018.kig-giessen.de\/?page_id=19\">Kontakt&#8230;<\/a><\/p>\n\n\n<p><\/p>\n","protected":false},"excerpt":{"rendered":"<p>Eine Handvoll Musiker und K\u00fcnstler taten sich 1996 zusammen, um den Proberaumnotstand in der Stadt Gie\u00dfen durch die Anmietung eines ehemaligen Kasernengeb\u00e4udes zu beheben. Schnell wurden aus 20 Musikern 50 und bald ben\u00f6tigte man ein weiteres Geb\u00e4ude. Heute ist die KiG ein selbstverwalteter Verein, der sich \u00fcberwiegend aus Eigenmitteln finanziert. Mehr als 680 Mitglieder, fast<br \/><span class=\"excerpt_more\"><a href=\"https:\/\/kig2018.kig-giessen.de\/?page_id=2\">[continue reading&#8230;]<\/a><\/span><\/p>\n","protected":false},"author":3,"featured_media":0,"parent":0,"menu_order":2,"comment_status":"closed","ping_status":"closed","template":"onecolumn-page.php","meta":{"footnotes":""},"class_list":["post-2","page","type-page","status-publish","hentry"],"_links":{"self":[{"href":"https:\/\/kig2018.kig-giessen.de\/index.php?rest_route=\/wp\/v2\/pages\/2","targetHints":{"allow":["GET"]}}],"collection":[{"href":"https:\/\/kig2018.kig-giessen.de\/index.php?rest_route=\/wp\/v2\/pages"}],"about":[{"href":"https:\/\/kig2018.kig-giessen.de\/index.php?rest_route=\/wp\/v2\/types\/page"}],"author":[{"embeddable":true,"href":"https:\/\/kig2018.kig-giessen.de\/index.php?rest_route=\/wp\/v2\/users\/3"}],"replies":[{"embeddable":true,"href":"https:\/\/kig2018.kig-giessen.de\/index.php?rest_route=%2Fwp%2Fv2%2Fcomments&post=2"}],"version-history":[{"count":22,"href":"https:\/\/kig2018.kig-giessen.de\/index.php?rest_route=\/wp\/v2\/pages\/2\/revisions"}],"predecessor-version":[{"id":672,"href":"https:\/\/kig2018.kig-giessen.de\/index.php?rest_route=\/wp\/v2\/pages\/2\/revisions\/672"}],"wp:attachment":[{"href":"https:\/\/kig2018.kig-giessen.de\/index.php?rest_route=%2Fwp%2Fv2%2Fmedia&parent=2"}],"curies":[{"name":"wp","href":"https:\/\/api.w.org\/{rel}","templated":true}]}}