
{"id":215,"date":"2020-07-22T16:50:59","date_gmt":"2020-07-22T16:50:59","guid":{"rendered":"http:\/\/kig20181.kig-giessen.de\/?page_id=215"},"modified":"2025-07-02T20:58:34","modified_gmt":"2025-07-02T20:58:34","slug":"mission-statement","status":"publish","type":"page","link":"https:\/\/kig2018.kig-giessen.de\/?page_id=215","title":{"rendered":"Leitbild"},"content":{"rendered":"\n<p>Die Kulturinitiative Gie\u00dfen e.V. (kurz: KiG) wurde 1996 von Musikern und K\u00fcnstlern gegr\u00fcndet, um die regionale Proberaumsituation durch die Anmietung eines ehemaligen Kasernengeb\u00e4udes zu verbessern. Die Aufgabe der KiG liegt in der Erhaltung und Pflege der<br>Kultur und der regionalen Musikszene, die Vernetzung von Kulturschaffenden in Mittelhessen und Schaffung von Kulturr\u00e4umen zur Kulturentwicklung. Kernaufgabe der KiG ist die<br>Bereitstellung von R\u00e4umen, welche f\u00fcr viele Kulturschaffende \u00fcberhaupt erst die M\u00f6glichkeit bietet, kreativ und k\u00fcnstlerisch t\u00e4tig zu werden.<br>Diese Ziele verfolgt die KiG unabh\u00e4ngig von Weltanschauung, Nationalit\u00e4t, Religion oder kulturellem Hintergrund.<br>Der Verein respektiert und f\u00f6rdert die Selbstbestimmung der Mitglieder, orientiert sich an ihren Zielen und baut auf den vorhandenen Ressourcen auf. Rund 680 Musiker und andere Kunst- und Kulturschaffende sind im Verein organisiert. Zusammen bilden die Mitglieder weit \u00fcber 100 Bands und sind an unz\u00e4hligen kulturellen Projekten beteiligt. Unter dem Dach<br>der KiG ist ein Gro\u00dfteil der Musikszene Mittelhessens zu finden. Die KiG setzt f\u00fcr die Entwicklung ihrer Mitglieder wichtige Impulse durch die M\u00f6glichkeiten, die sich durch einen eigenen Raum ohne gr\u00f6\u00dfere Einschr\u00e4nkungen und den Austausch der Kulturschaffenden<br>untereinander ergeben.<br>Ziele des Vereins sind in erster Linie die Sicherung des Fortbestandes der aktuellen R\u00e4umlichkeiten sowie die F\u00f6rderung der Mitglieder und der regionalen Musikszene.<br>Veranstaltungen und die direkte Einbeziehung der Mitglieder sollen zu einer besseren Vernetzung untereinander und zur Stabilisierung des kulturellen Netzwerks beitragen. Mitgestaltung und Partizipation geh\u00f6ren zum grundlegenden Selbstverst\u00e4ndnis des Vereins. Die KiG profitiert von der Kreativit\u00e4t ihrer Mitglieder und leistet so einen Beitrag zu einer<br>lebendigen Musik- und Kulturszene in der Region, die dadurch an Attraktivit\u00e4t f\u00fcr Kulturinteressierte, Veranstalter und andere Kulturschaffende gewinnt.<\/p>\n\n\n\n<p><\/p>\n","protected":false},"excerpt":{"rendered":"<p>Die Kulturinitiative Gie\u00dfen e.V. (kurz: KiG) wurde 1996 von Musikern und K\u00fcnstlern gegr\u00fcndet, um die regionale Proberaumsituation durch die Anmietung eines ehemaligen Kasernengeb\u00e4udes zu verbessern. Die Aufgabe der KiG liegt in der Erhaltung und Pflege derKultur und der regionalen Musikszene, die Vernetzung von Kulturschaffenden in Mittelhessen und Schaffung von Kulturr\u00e4umen zur Kulturentwicklung. Kernaufgabe der KiG<br \/><span class=\"excerpt_more\"><a href=\"https:\/\/kig2018.kig-giessen.de\/?page_id=215\">[continue reading&#8230;]<\/a><\/span><\/p>\n","protected":false},"author":3,"featured_media":0,"parent":0,"menu_order":2,"comment_status":"closed","ping_status":"closed","template":"onecolumn-page.php","meta":{"footnotes":""},"class_list":["post-215","page","type-page","status-publish","hentry"],"_links":{"self":[{"href":"https:\/\/kig2018.kig-giessen.de\/index.php?rest_route=\/wp\/v2\/pages\/215","targetHints":{"allow":["GET"]}}],"collection":[{"href":"https:\/\/kig2018.kig-giessen.de\/index.php?rest_route=\/wp\/v2\/pages"}],"about":[{"href":"https:\/\/kig2018.kig-giessen.de\/index.php?rest_route=\/wp\/v2\/types\/page"}],"author":[{"embeddable":true,"href":"https:\/\/kig2018.kig-giessen.de\/index.php?rest_route=\/wp\/v2\/users\/3"}],"replies":[{"embeddable":true,"href":"https:\/\/kig2018.kig-giessen.de\/index.php?rest_route=%2Fwp%2Fv2%2Fcomments&post=215"}],"version-history":[{"count":4,"href":"https:\/\/kig2018.kig-giessen.de\/index.php?rest_route=\/wp\/v2\/pages\/215\/revisions"}],"predecessor-version":[{"id":673,"href":"https:\/\/kig2018.kig-giessen.de\/index.php?rest_route=\/wp\/v2\/pages\/215\/revisions\/673"}],"wp:attachment":[{"href":"https:\/\/kig2018.kig-giessen.de\/index.php?rest_route=%2Fwp%2Fv2%2Fmedia&parent=215"}],"curies":[{"name":"wp","href":"https:\/\/api.w.org\/{rel}","templated":true}]}}