
{"id":24,"date":"2018-06-11T10:32:01","date_gmt":"2018-06-11T10:32:01","guid":{"rendered":"http:\/\/KiG2018.kig-giessen.de\/?page_id=24"},"modified":"2025-07-02T21:10:48","modified_gmt":"2025-07-02T21:10:48","slug":"faq","status":"publish","type":"page","link":"https:\/\/kig2018.kig-giessen.de\/?page_id=24","title":{"rendered":"FAQ"},"content":{"rendered":"<p><a href=\"http:\/\/www.kig-giessen.de\/faq\/#Allgemein\">Allgemein<\/a> \u2013 <a href=\"http:\/\/www.kig-giessen.de\/faq\/#Mitgliedschaft\">Mitgliedschaft<\/a> \u2013 <a href=\"http:\/\/www.kig-giessen.de\/faq\/#Prober\u00e4ume\">Prober\u00e4ume<\/a> \u2013 <a href=\"http:\/\/www.kig-giessen.de\/faq\/#Putzdienst\">Putzdienst<\/a> \u2013 <a href=\"http:\/\/www.kig-giessen.de\/faq\/#Musiker\">Musiker<\/a> \u2013 <a href=\"http:\/\/www.kig-giessen.de\/faq\/#Workshops\">Workshops<\/a> \u2013 <a href=\"http:\/\/www.kig-giessen.de\/faq\/#Konzerte\">Konzerte<\/a><\/p>\n<h2>Allgemein<\/h2>\n<h3>Hei\u00dft es jetzt der, die oder das KiG?<\/h3>\n<blockquote><p>Da \u201eKiG\u201c die Abk\u00fcrzung f\u00fcr \u201e<strong>K<\/strong>ultur<strong>i<\/strong>nitiative <strong>G<\/strong>ie\u00dfen\u201c ist, hei\u00dft es korrekterweise \u201edie KiG\u201c.<\/p><\/blockquote>\n<h3>Darf jeder in der KiG proben?<\/h3>\n<blockquote><p>Grunds\u00e4tzlich sind die beiden Geb\u00e4ude und deren R\u00e4ume unser Vereinsgel\u00e4nde und d\u00fcrfen <strong>ausschlie\u00dflich<\/strong> von Mitgliedern genutzt werden.<\/p><\/blockquote>\n<p><a name=\"Mitgliedschaft\"><\/a><\/p>\n<h2>Mitgliedschaft<\/h2>\n<p><strong>Was kostet die Mitgliedschaft?<\/strong><\/p>\n<blockquote><p>Die aktive Mitgliedschaft bel\u00e4uft sich auf 61,36 \u20ac pro Jahr.<\/p><\/blockquote>\n<p><strong>Wie werde ich Mitglied?<\/strong><\/p>\n<blockquote><p>Du musst pers\u00f6nlich zu den <a href=\"http:\/\/www.kig-giessen.de\/kontakt\/\">B\u00fcrozeiten<\/a> mit deinem Personalausweis bei uns vorbeikommen und deinen Mitgliedsantrag ausf\u00fcllen \u2013 ganz einfach. Wenn du noch 2 Passbilder mitbringst w\u00e4re das super und erspart dir einen weiteren Besuch im B\u00fcro.<\/p><\/blockquote>\n<p><strong>Gibt es auch eine F\u00f6rdermitgliedschaft?<\/strong><\/p>\n<blockquote><p>Ja. Wenn du Interesse hast die KiG zu unterst\u00fctzen trete einfach mit uns in <a href=\"http:\/\/www.kig-giessen.de\/kontakt\/\">Kontakt<\/a><\/p><\/blockquote>\n<p><strong>Wie k\u00fcndige ich meine Mitgliedschaft?<\/strong><\/p>\n<blockquote><p>Um deine Mitgliedschaft in der KiG zu beenden musst du uns fristgerecht sp\u00e4testens vier Wochen vor Jahresende ein formloses, <strong>aber handschriftlich unterschriebenes<\/strong> K\u00fcndigungsschreiben zukommen lassen. Deine Mitgliedschaft endet dann am 31. Dezember des Jahres.<\/p><\/blockquote>\n<p><a name=\"Prober\u00e4ume\"><\/a><\/p>\n<h2>Prober\u00e4ume<\/h2>\n<p><strong>Gibt es noch leere Prober\u00e4ume in der KiG?<\/strong><\/p>\n<blockquote><p>Nein, momentan sind alle Prober\u00e4ume vergeben. Viele Prober\u00e4ume werden aber von mehreren Bands genutzt und so finden trotzdem regelm\u00e4\u00dfig neue Bands den Weg ins Haus, denn immer wieder werden Mitmieter f\u00fcr R\u00e4ume gesucht. Die Chance, einen Proberaum zu bekommen ist also durchaus gegeben.<\/p><\/blockquote>\n<p><strong>Gibt es eine Warteliste f\u00fcr Prober\u00e4ume?<\/strong><\/p>\n<blockquote><p>Ja, die gibt es. Schreib uns bitte eine Mail mit deinem Namen, wenn du in die Liste aufgenommen werden m\u00f6chtest.<\/p><\/blockquote>\n<p><strong>Wieviel kostet ein Proberaum?<\/strong><\/p>\n<blockquote><p>Unsere R\u00e4ume kosten ca. 12,- EUR pro m\u00b2 und sind zwischen 14 m\u00b2 und 24 m\u00b2 gro\u00df. Darin sind Strom und Heizung enthalten.<\/p><\/blockquote>\n<p><a name=\"Putzdienst\"><\/a><\/p>\n<h2>Putzdienst<\/h2>\n<p><strong>Was passiert wenn ich nicht putze?<\/strong><\/p>\n<blockquote><p>Durch deine Unterschrift unter dem Raumnutzungsvertrag verpflichtest du dich als Raumvorstand die Einhaltung der regelm\u00e4\u00dfigen Putzdienste zu gew\u00e4hrleisten und dies zu organisieren.<br \/>\nDiesbez\u00fcglich gab es auf der Mitgliederversammlung vom 12.03.2009 folgenden Beschluss:<br \/>\n<strong>\u201aWenn dein Raum laut Putzplan mit Putzen an der Reihe war, dies allerdings einfach nicht erledigt wurde, wird dir vom Vorstand die Gelbe\u00a0Karte ausgesprochen. Darauf hin hast du eine Woche Zeit dies nachzuholen. Ist nach Ablauf dieser Frist keine anderweitige L\u00f6sung vereinbart oder der Dienst noch immer nicht erledigt, wird dir die Rote\u00a0Karte wegen unsportlichem bzw. vereinssch\u00e4digendem Verhalten ausgesprochen und jemand auf der Warteliste darf sich freuen endlich deinen Proberaum zu erhalten!\u2018<\/strong><\/p><\/blockquote>\n<p><strong>Was kann ich tun wenn die Leute vor mir nicht geputzt haben?<\/strong><\/p>\n<blockquote><p>Zuerst sollten die s\u00e4umigen Mitglieder pers\u00f6nlich angesprochen und freundlich, aber bestimmt daran erinnern werden ihrer Putzpflicht nachzukommen.<br \/>\nErst danach solltest du dich an den Vorstand wenden, damit wir die oben erl\u00e4uterten Sanktionen einleiten.<\/p><\/blockquote>\n<p><a name=\"Musiker\"><\/a><\/p>\n<h2>Musiker<\/h2>\n<p>Wir sammeln noch Fragen, also los, mailt uns \u2026<\/p>\n<p><a name=\"Workshops\"><\/a><\/p>\n<h2>Workshops<\/h2>\n<p>Wir sammeln noch Fragen, also los, mailt uns \u2026<\/p>\n<p><a name=\"Konzerte\"><\/a><\/p>\n<h2>Konzerte<\/h2>\n<p><strong>Was ist YaHozna?<\/strong><\/p>\n<blockquote><p>YaHozna ist das j\u00e4hrlich stattfindende Vereins- und Sommerfest der KiG. Das Motto ist <em>umsonst und drau\u00dfen<\/em> \u2013 feiern mit Live-Musik, Zelten, finnischer Sauna und allem was das Herz begehrt. <a href=\"http:\/\/www.kig-giessen.de\/2009\/06\/12\/yahozna-2009\/\">Mehr\u2026<\/a><\/p><\/blockquote>\n","protected":false},"excerpt":{"rendered":"<p>Allgemein \u2013 Mitgliedschaft \u2013 Prober\u00e4ume \u2013 Putzdienst \u2013 Musiker \u2013 Workshops \u2013 Konzerte Allgemein Hei\u00dft es jetzt der, die oder das KiG? Da \u201eKiG\u201c die Abk\u00fcrzung f\u00fcr \u201eKulturinitiative Gie\u00dfen\u201c ist, hei\u00dft es korrekterweise \u201edie KiG\u201c. Darf jeder in der KiG proben? Grunds\u00e4tzlich sind die beiden Geb\u00e4ude und deren R\u00e4ume unser Vereinsgel\u00e4nde und d\u00fcrfen ausschlie\u00dflich von<br \/><span class=\"excerpt_more\"><a href=\"https:\/\/kig2018.kig-giessen.de\/?page_id=24\">[continue reading&#8230;]<\/a><\/span><\/p>\n","protected":false},"author":3,"featured_media":0,"parent":0,"menu_order":3,"comment_status":"closed","ping_status":"closed","template":"onecolumn-page.php","meta":{"footnotes":""},"class_list":["post-24","page","type-page","status-publish","hentry"],"_links":{"self":[{"href":"https:\/\/kig2018.kig-giessen.de\/index.php?rest_route=\/wp\/v2\/pages\/24","targetHints":{"allow":["GET"]}}],"collection":[{"href":"https:\/\/kig2018.kig-giessen.de\/index.php?rest_route=\/wp\/v2\/pages"}],"about":[{"href":"https:\/\/kig2018.kig-giessen.de\/index.php?rest_route=\/wp\/v2\/types\/page"}],"author":[{"embeddable":true,"href":"https:\/\/kig2018.kig-giessen.de\/index.php?rest_route=\/wp\/v2\/users\/3"}],"replies":[{"embeddable":true,"href":"https:\/\/kig2018.kig-giessen.de\/index.php?rest_route=%2Fwp%2Fv2%2Fcomments&post=24"}],"version-history":[{"count":6,"href":"https:\/\/kig2018.kig-giessen.de\/index.php?rest_route=\/wp\/v2\/pages\/24\/revisions"}],"predecessor-version":[{"id":682,"href":"https:\/\/kig2018.kig-giessen.de\/index.php?rest_route=\/wp\/v2\/pages\/24\/revisions\/682"}],"wp:attachment":[{"href":"https:\/\/kig2018.kig-giessen.de\/index.php?rest_route=%2Fwp%2Fv2%2Fmedia&parent=24"}],"curies":[{"name":"wp","href":"https:\/\/api.w.org\/{rel}","templated":true}]}}